{"id":252,"date":"2025-08-14T11:03:26","date_gmt":"2025-08-14T11:03:26","guid":{"rendered":"https:\/\/gioo.com.co\/wordpress\/?page_id=252"},"modified":"2025-12-01T21:37:28","modified_gmt":"2025-12-01T21:37:28","slug":"quienes-somos","status":"publish","type":"page","link":"https:\/\/gioo.com.co\/?page_id=252","title":{"rendered":"Quienes Somos"},"content":{"rendered":"\t\t<div data-elementor-type=\"wp-page\" data-elementor-id=\"252\" class=\"elementor elementor-252\" data-elementor-post-type=\"page\">\n\t\t\t\t<div class=\"elementor-element elementor-element-088008c e-flex e-con-boxed e-con e-parent\" data-id=\"088008c\" data-element_type=\"container\" data-e-type=\"container\">\n\t\t\t\t\t<div class=\"e-con-inner\">\n\t\t\t\t<div class=\"elementor-element elementor-element-ea29335 elementor-widget elementor-widget-text-editor\" data-id=\"ea29335\" data-element_type=\"widget\" data-e-type=\"widget\" data-widget_type=\"text-editor.default\">\n\t\t\t\t\t\t\t\t\t<p style=\"text-align: justify;\"><strong><span lang=\"ES-CO\" style=\"font-family: 'Arial',sans-serif;\">En Gioo creemos que la elegancia comienza con la mirada.<\/span><\/strong><span lang=\"ES-CO\" style=\"font-family: 'Arial',sans-serif;\"><br \/>Somos una marca joven y moderna dedicada a ofrecer monturas y gafas de sol originales, respaldadas por la trayectoria de nuestro aliado principal, una compa\u00f1\u00eda con <strong><span style=\"font-family: 'Arial',sans-serif;\">m\u00e1s de 15 a\u00f1os de experiencia en la industria \u00f3ptica<\/span><\/strong>.<\/span><\/p><p style=\"text-align: justify;\"><span lang=\"ES-CO\" style=\"font-family: 'Arial',sans-serif;\">Gracias a esta alianza, somos <strong><span style=\"font-family: 'Arial',sans-serif;\">distribuidores autorizados<\/span><\/strong> de algunas de las marcas m\u00e1s reconocidas y prestigiosas del mundo, como <strong><span style=\"font-family: 'Arial',sans-serif;\">Carolina Herrera, Roberto Cavalli, Tous, Prada, Guess, Ferragamo, Philipp Plein, Floats, Police, Nike, Calvin Klein, Fila, Lacoste y Nautica<\/span><\/strong>, entre muchas otras.<\/span><\/p><p style=\"text-align: justify;\"><span lang=\"ES-CO\" style=\"font-family: 'Arial',sans-serif;\">Cada pieza que ofrecemos es completamente <strong><span style=\"font-family: 'Arial',sans-serif;\">original, leg\u00edtima y certificada<\/span><\/strong> por las marcas que representamos. Esto nos permite llevar a nuestros clientes una selecci\u00f3n premium de monturas y gafas de sol que destacan por su <strong><span style=\"font-family: 'Arial',sans-serif;\">protecci\u00f3n UV, materiales de alta calidad y dise\u00f1o de vanguardia<\/span><\/strong>.<\/span><\/p><p style=\"text-align: justify;\"><span lang=\"ES-CO\" style=\"font-family: 'Arial',sans-serif;\">En Gioo entendemos que unas gafas no son solo un accesorio:<br \/><strong><span style=\"font-family: 'Arial',sans-serif;\">son una declaraci\u00f3n de estilo, una expresi\u00f3n de personalidad y una inversi\u00f3n en bienestar visual.<\/span><\/strong><\/span><\/p><p style=\"text-align: justify;\"><span lang=\"ES-CO\" style=\"font-family: 'Arial',sans-serif;\">Por eso trabajamos bajo tres pilares fundamentales:<\/span><\/p><h3 style=\"text-align: justify;\"><span lang=\"ES-CO\" style=\"font-size: 12.0pt; font-family: 'Arial',sans-serif;\">\u2022 Respaldo<\/span><\/h3><p style=\"text-align: justify;\"><span lang=\"ES-CO\" style=\"font-family: 'Arial',sans-serif;\">Nuestra oferta est\u00e1 soportada por la experiencia y el conocimiento de un aliado con m\u00e1s de una d\u00e9cada en el sector \u00f3ptico, garantizando calidad, autenticidad y confianza.<\/span><\/p><h3 style=\"text-align: justify;\"><span lang=\"ES-CO\" style=\"font-size: 12.0pt; font-family: 'Arial',sans-serif;\">\u2022 Elegancia<\/span><\/h3><p style=\"text-align: justify;\"><span lang=\"ES-CO\" style=\"font-family: 'Arial',sans-serif;\">Seleccionamos colecciones sofisticadas, actuales y vers\u00e1tiles, que acompa\u00f1an la esencia \u00fanica de cada cliente.<\/span><\/p><h3 style=\"text-align: justify;\"><span lang=\"ES-CO\" style=\"font-size: 12.0pt; font-family: 'Arial',sans-serif;\">\u2022 Experiencia Premium<\/span><\/h3><p style=\"text-align: justify;\"><span lang=\"ES-CO\" style=\"font-family: 'Arial',sans-serif;\">Brindamos un servicio cercano, seguro y confiable, enfocado en transformar la compra de gafas en un proceso sencillo, elegante y memorable.<\/span><\/p><p style=\"text-align: justify;\"><span lang=\"ES-CO\" style=\"font-family: 'Arial',sans-serif;\">En Gioo, nuestra misi\u00f3n es ofrecer mucho m\u00e1s que productos:<br \/><strong><span style=\"font-family: 'Arial',sans-serif;\">queremos ayudarte a proyectar tu esencia a trav\u00e9s del dise\u00f1o, la autenticidad y la elegancia.<\/span><\/strong><\/span><\/p><p style=\"text-align: justify;\"><strong><span lang=\"ES-CO\" style=\"font-family: 'Arial',sans-serif;\">Gioo \u2014 M\u00e1s que ver es\u2026 Proyectar tu Esencia.<\/span><\/strong><\/p>\t\t\t\t\t\t\t\t<\/div>\n\t\t\t\t\t<\/div>\n\t\t\t\t<\/div>\n\t\t<div class=\"elementor-element elementor-element-bdc47b3 e-flex e-con-boxed e-con e-parent\" data-id=\"bdc47b3\" data-element_type=\"container\" data-e-type=\"container\">\n\t\t\t\t\t<div class=\"e-con-inner\">\n\t\t\t\t<div class=\"elementor-element elementor-element-1eb790e elementor-widget elementor-widget-text-editor\" data-id=\"1eb790e\" data-element_type=\"widget\" data-e-type=\"widget\" data-widget_type=\"text-editor.default\">\n\t\t\t\t\t\t\t\t\t<p><strong>&#8220;Protecci\u00f3n UV &amp; Garant\u00eda&#8221;<\/strong><\/p><p>Autenticidad y Bienestar Ocular<\/p><p>En Gioo, la elegancia es una inversi\u00f3n en tu salud.<\/p><p>PROTECCI\u00d3N UV: LA CIENCIA DETR\u00c1S DE TU ESTILO<\/p><p>Tu Bienestar es Prioridad: No solo vendemos moda, vendemos seguridad visual. Cada par de gafas de sol y monturas que ofrecemos en Gioo integra la tecnolog\u00eda de lentes m\u00e1s avanzada para proteger tus ojos de manera integral.<\/p><p>* Bloqueo UV Total: Garantizamos que todos nuestros lentes bloquean el 100% de los rayos UVA y UVB (UV400). Esta protecci\u00f3n es esencial para prevenir da\u00f1os a largo plazo en tu retina y cristalino.<\/p><p>* Tecnolog\u00eda de Lentes: Trabajamos con marcas que incorporan tratamientos especializados (antirreflejo, reducci\u00f3n de deslumbramiento, alta pureza \u00f3ptica) que aseguran una claridad visual superior y un confort inigualable.<\/p><p>Certificaci\u00f3n: Cada producto de nuestra curadur\u00eda est\u00e1 certificado en su protecci\u00f3n por los altos est\u00e1ndares de calidad de nuestras marcas distribuidas.<\/p><p>\u00a0<\/p><ol start=\"2\"><li>GARANT\u00cdA DE AUTENTICIDAD Y RESPALDO<\/li><\/ol><p>Confianza Sin Compromisos: Como distribuidores autorizados de las marcas m\u00e1s prestigiosas del mundo (Police, Roberto Cavalli, Ferragamo entre otras.), te ofrecemos la seguridad de que est\u00e1s invirtiendo en un producto 100% original, leg\u00edtimo y avalado por sus fabricantes.<\/p><p>Nuestra Promesa:<\/p><p>* Autenticidad Garantizada: La legitimidad de cada pieza es nuestro compromiso inquebrantable, respaldado por un aliado con m\u00e1s de 15 a\u00f1os de experiencia en la industria \u00f3ptica.<\/p><p>* Garant\u00eda Legal: Ofrecemos una garant\u00eda contra defectos de fabricaci\u00f3n seg\u00fan lo estipulado por la ley y las pol\u00edticas espec\u00edficas de cada marca.<\/p><p>* Experiencia Premium y Seguridad: Si el producto no cumple tus expectativas, cuentas con nuestro Derecho de Retracto de 5 d\u00edas calendario y asumimos el costo de la devoluci\u00f3n.<\/p><p>\u00a0<\/p><p>Contacto: Correo electr\u00f3nico: ventas@gioo.com.co * Tel\u00e9fono: 311 4277336 *Direcci\u00f3n centro de distribuci\u00f3n Calle 150 A # 96 A \u2013 40 Bloque 2 \u2013 702 Bogot\u00e1 &#8211; Colombia<\/p>\t\t\t\t\t\t\t\t<\/div>\n\t\t\t\t\t<\/div>\n\t\t\t\t<\/div>\n\t\t\t\t<\/div>\n\t\t","protected":false},"excerpt":{"rendered":"<p>En Gioo creemos que la elegancia comienza con la mirada.Somos una marca joven y moderna dedicada a ofrecer monturas y [&hellip;]<\/p>\n","protected":false},"author":1,"featured_media":0,"parent":0,"menu_order":0,"comment_status":"closed","ping_status":"closed","template":"","meta":{"site-sidebar-layout":"no-sidebar","site-content-layout":"","ast-site-content-layout":"full-width-container","site-content-style":"default","site-sidebar-style":"default","ast-global-header-display":"","ast-banner-title-visibility":"","ast-main-header-display":"","ast-hfb-above-header-display":"","ast-hfb-below-header-display":"","ast-hfb-mobile-header-display":"","site-post-title":"disabled","ast-breadcrumbs-content":"","ast-featured-img":"disabled","footer-sml-layout":"","theme-transparent-header-meta":"","adv-header-id-meta":"","stick-header-meta":"","header-above-stick-meta":"","header-main-stick-meta":"","header-below-stick-meta":"","astra-migrate-meta-layouts":"default","ast-page-background-enabled":"default","ast-page-background-meta":{"desktop":{"background-color":"var(--ast-global-color-5)","background-image":"","background-repeat":"repeat","background-position":"center center","background-size":"auto","background-attachment":"scroll","background-type":"","background-media":"","overlay-type":"","overlay-color":"","overlay-opacity":"","overlay-gradient":""},"tablet":{"background-color":"","background-image":"","background-repeat":"repeat","background-position":"center center","background-size":"auto","background-attachment":"scroll","background-type":"","background-media":"","overlay-type":"","overlay-color":"","overlay-opacity":"","overlay-gradient":""},"mobile":{"background-color":"","background-image":"","background-repeat":"repeat","background-position":"center center","background-size":"auto","background-attachment":"scroll","background-type":"","background-media":"","overlay-type":"","overlay-color":"","overlay-opacity":"","overlay-gradient":""}},"ast-content-background-meta":{"desktop":{"background-color":"var(--ast-global-color-4)","background-image":"","background-repeat":"repeat","background-position":"center center","background-size":"auto","background-attachment":"scroll","background-type":"","background-media":"","overlay-type":"","overlay-color":"","overlay-opacity":"","overlay-gradient":""},"tablet":{"background-color":"var(--ast-global-color-4)","background-image":"","background-repeat":"repeat","background-position":"center center","background-size":"auto","background-attachment":"scroll","background-type":"","background-media":"","overlay-type":"","overlay-color":"","overlay-opacity":"","overlay-gradient":""},"mobile":{"background-color":"var(--ast-global-color-4)","background-image":"","background-repeat":"repeat","background-position":"center center","background-size":"auto","background-attachment":"scroll","background-type":"","background-media":"","overlay-type":"","overlay-color":"","overlay-opacity":"","overlay-gradient":""}},"_joinchat":[],"footnotes":""},"class_list":["post-252","page","type-page","status-publish","hentry"],"_links":{"self":[{"href":"https:\/\/gioo.com.co\/index.php?rest_route=\/wp\/v2\/pages\/252","targetHints":{"allow":["GET"]}}],"collection":[{"href":"https:\/\/gioo.com.co\/index.php?rest_route=\/wp\/v2\/pages"}],"about":[{"href":"https:\/\/gioo.com.co\/index.php?rest_route=\/wp\/v2\/types\/page"}],"author":[{"embeddable":true,"href":"https:\/\/gioo.com.co\/index.php?rest_route=\/wp\/v2\/users\/1"}],"replies":[{"embeddable":true,"href":"https:\/\/gioo.com.co\/index.php?rest_route=%2Fwp%2Fv2%2Fcomments&post=252"}],"version-history":[{"count":28,"href":"https:\/\/gioo.com.co\/index.php?rest_route=\/wp\/v2\/pages\/252\/revisions"}],"predecessor-version":[{"id":2635,"href":"https:\/\/gioo.com.co\/index.php?rest_route=\/wp\/v2\/pages\/252\/revisions\/2635"}],"wp:attachment":[{"href":"https:\/\/gioo.com.co\/index.php?rest_route=%2Fwp%2Fv2%2Fmedia&parent=252"}],"curies":[{"name":"wp","href":"https:\/\/api.w.org\/{rel}","templated":true}]}}