{"id":2571,"date":"2025-11-26T19:31:54","date_gmt":"2025-11-26T19:31:54","guid":{"rendered":"https:\/\/gioo.com.co\/?page_id=2571"},"modified":"2025-12-01T21:22:28","modified_gmt":"2025-12-01T21:22:28","slug":"politicas-de-envios","status":"publish","type":"page","link":"https:\/\/gioo.com.co\/?page_id=2571","title":{"rendered":"Pol\u00edticas de env\u00edos"},"content":{"rendered":"\t\t<div data-elementor-type=\"wp-page\" data-elementor-id=\"2571\" class=\"elementor elementor-2571\" data-elementor-post-type=\"page\">\n\t\t\t\t<div class=\"elementor-element elementor-element-70349c6 e-flex e-con-boxed e-con e-parent\" data-id=\"70349c6\" data-element_type=\"container\" data-e-type=\"container\">\n\t\t\t\t\t<div class=\"e-con-inner\">\n\t\t\t\t<div class=\"elementor-element elementor-element-6571054 elementor-widget elementor-widget-heading\" data-id=\"6571054\" data-element_type=\"widget\" data-e-type=\"widget\" data-widget_type=\"heading.default\">\n\t\t\t\t\t<h4 class=\"elementor-heading-title elementor-size-default\">Pol\u00edtica de Env\u00edos<\/h4>\t\t\t\t<\/div>\n\t\t\t\t\t<\/div>\n\t\t\t\t<\/div>\n\t\t<div class=\"elementor-element elementor-element-f5d9ea8 e-flex e-con-boxed e-con e-parent\" data-id=\"f5d9ea8\" data-element_type=\"container\" data-e-type=\"container\">\n\t\t\t\t\t<div class=\"e-con-inner\">\n\t\t\t\t<div class=\"elementor-element elementor-element-2b73f6f elementor-widget elementor-widget-text-editor\" data-id=\"2b73f6f\" data-element_type=\"widget\" data-e-type=\"widget\" data-widget_type=\"text-editor.default\">\n\t\t\t\t\t\t\t\t\t<p>POL\u00cdTICAS Y CONDICIONES DE GIOO<\/p><ol><li><strong>POL\u00cdTICAS DE ENV\u00cdOS<\/strong> A NIVEL NACIONAL: COMODIDAD Y CONFIANZA<\/li><\/ol><ul><li>COBERTURA: Entregamos en todas las ciudades y municipios de Colombia a nivel nacional.<\/li><li>COSTO: \u00a1Env\u00edo totalmente gratis! Gioo asume el costo de transporte en el 100% de tus pedidos.<\/li><li>ALIADO LOG\u00cdSTICO: Trabajamos con Alas de Colombia, una empresa con el profesionalismo y la experiencia requerida para garantizar el manejo seguro y el cuidado de tu producto premium.<\/li><li>TIEMPOS DE ENTREGA: * Ciudades Principales (Capitales de Departamento): La entrega se realiza en un tiempo estimado de 5 d\u00edas h\u00e1biles. * Otros Municipios: La entrega se realiza en un tiempo estimado de 6 d\u00edas h\u00e1biles.<\/li><\/ul><ol start=\"2\"><li><strong>POL\u00cdTICAS DE DEVOLUCIONES Y REEMBOLSOS<\/strong>: Devoluciones y Derecho de Retracto (Compra Segura)<\/li><\/ol><ul><li>DERECHO DE RETRACTO: Tienes 5 d\u00edas calendario a partir de la recepci\u00f3n del producto para ejercer tu Derecho de Retracto.<\/li><li>CONDICIONES DEL PRODUCTO: El producto debe ser devuelto exactamente en las mismas condiciones en que fue entregado: sin uso por parte del cliente y con su empaque original completo.<\/li><li>COSTO DE DEVOLUCI\u00d3N: Gioo asume los costos de env\u00edo por la devoluci\u00f3n del producto.<\/li><li>PROCESO DE REEMBOLSO: El proceso de reembolso se inicia una vez el producto retorne y sea validado en el laboratorio. El tiempo m\u00e1ximo estimado para el reintegro de tu dinero es de 15 d\u00edas.<\/li><\/ul>\t\t\t\t\t\t\t\t<\/div>\n\t\t\t\t\t<\/div>\n\t\t\t\t<\/div>\n\t\t\t\t<\/div>\n\t\t","protected":false},"excerpt":{"rendered":"<p>Pol\u00edtica de Env\u00edos POL\u00cdTICAS Y CONDICIONES DE GIOO POL\u00cdTICAS DE ENV\u00cdOS A NIVEL NACIONAL: COMODIDAD Y CONFIANZA COBERTURA: Entregamos en [&hellip;]<\/p>\n","protected":false},"author":1,"featured_media":0,"parent":0,"menu_order":0,"comment_status":"closed","ping_status":"closed","template":"","meta":{"site-sidebar-layout":"no-sidebar","site-content-layout":"","ast-site-content-layout":"full-width-container","site-content-style":"default","site-sidebar-style":"default","ast-global-header-display":"","ast-banner-title-visibility":"","ast-main-header-display":"","ast-hfb-above-header-display":"","ast-hfb-below-header-display":"","ast-hfb-mobile-header-display":"","site-post-title":"disabled","ast-breadcrumbs-content":"","ast-featured-img":"disabled","footer-sml-layout":"","theme-transparent-header-meta":"","adv-header-id-meta":"","stick-header-meta":"","header-above-stick-meta":"","header-main-stick-meta":"","header-below-stick-meta":"","astra-migrate-meta-layouts":"default","ast-page-background-enabled":"default","ast-page-background-meta":{"desktop":{"background-color":"var(--ast-global-color-5)","background-image":"","background-repeat":"repeat","background-position":"center center","background-size":"auto","background-attachment":"scroll","background-type":"","background-media":"","overlay-type":"","overlay-color":"","overlay-opacity":"","overlay-gradient":""},"tablet":{"background-color":"","background-image":"","background-repeat":"repeat","background-position":"center center","background-size":"auto","background-attachment":"scroll","background-type":"","background-media":"","overlay-type":"","overlay-color":"","overlay-opacity":"","overlay-gradient":""},"mobile":{"background-color":"","background-image":"","background-repeat":"repeat","background-position":"center center","background-size":"auto","background-attachment":"scroll","background-type":"","background-media":"","overlay-type":"","overlay-color":"","overlay-opacity":"","overlay-gradient":""}},"ast-content-background-meta":{"desktop":{"background-color":"var(--ast-global-color-4)","background-image":"","background-repeat":"repeat","background-position":"center center","background-size":"auto","background-attachment":"scroll","background-type":"","background-media":"","overlay-type":"","overlay-color":"","overlay-opacity":"","overlay-gradient":""},"tablet":{"background-color":"var(--ast-global-color-4)","background-image":"","background-repeat":"repeat","background-position":"center center","background-size":"auto","background-attachment":"scroll","background-type":"","background-media":"","overlay-type":"","overlay-color":"","overlay-opacity":"","overlay-gradient":""},"mobile":{"background-color":"var(--ast-global-color-4)","background-image":"","background-repeat":"repeat","background-position":"center center","background-size":"auto","background-attachment":"scroll","background-type":"","background-media":"","overlay-type":"","overlay-color":"","overlay-opacity":"","overlay-gradient":""}},"_joinchat":[],"footnotes":""},"class_list":["post-2571","page","type-page","status-publish","hentry"],"_links":{"self":[{"href":"https:\/\/gioo.com.co\/index.php?rest_route=\/wp\/v2\/pages\/2571","targetHints":{"allow":["GET"]}}],"collection":[{"href":"https:\/\/gioo.com.co\/index.php?rest_route=\/wp\/v2\/pages"}],"about":[{"href":"https:\/\/gioo.com.co\/index.php?rest_route=\/wp\/v2\/types\/page"}],"author":[{"embeddable":true,"href":"https:\/\/gioo.com.co\/index.php?rest_route=\/wp\/v2\/users\/1"}],"replies":[{"embeddable":true,"href":"https:\/\/gioo.com.co\/index.php?rest_route=%2Fwp%2Fv2%2Fcomments&post=2571"}],"version-history":[{"count":14,"href":"https:\/\/gioo.com.co\/index.php?rest_route=\/wp\/v2\/pages\/2571\/revisions"}],"predecessor-version":[{"id":2626,"href":"https:\/\/gioo.com.co\/index.php?rest_route=\/wp\/v2\/pages\/2571\/revisions\/2626"}],"wp:attachment":[{"href":"https:\/\/gioo.com.co\/index.php?rest_route=%2Fwp%2Fv2%2Fmedia&parent=2571"}],"curies":[{"name":"wp","href":"https:\/\/api.w.org\/{rel}","templated":true}]}}