{"id":2581,"date":"2025-11-26T19:36:45","date_gmt":"2025-11-26T19:36:45","guid":{"rendered":"https:\/\/gioo.com.co\/?page_id=2581"},"modified":"2025-12-01T22:02:45","modified_gmt":"2025-12-01T22:02:45","slug":"garantias","status":"publish","type":"page","link":"https:\/\/gioo.com.co\/?page_id=2581","title":{"rendered":"Garant\u00edas"},"content":{"rendered":"\t\t<div data-elementor-type=\"wp-page\" data-elementor-id=\"2581\" class=\"elementor elementor-2581\" data-elementor-post-type=\"page\">\n\t\t\t\t<div class=\"elementor-element elementor-element-d725239 e-flex e-con-boxed e-con e-parent\" data-id=\"d725239\" data-element_type=\"container\" data-e-type=\"container\">\n\t\t\t\t\t<div class=\"e-con-inner\">\n\t\t\t\t<div class=\"elementor-element elementor-element-b776fb0 elementor-widget elementor-widget-heading\" data-id=\"b776fb0\" data-element_type=\"widget\" data-e-type=\"widget\" data-widget_type=\"heading.default\">\n\t\t\t\t\t<h4 class=\"elementor-heading-title elementor-size-default\">Garant\u00edas<\/h4>\t\t\t\t<\/div>\n\t\t\t\t\t<\/div>\n\t\t\t\t<\/div>\n\t\t<div class=\"elementor-element elementor-element-35ac8fd e-flex e-con-boxed e-con e-parent\" data-id=\"35ac8fd\" data-element_type=\"container\" data-e-type=\"container\">\n\t\t\t\t\t<div class=\"e-con-inner\">\n\t\t\t\t<div class=\"elementor-element elementor-element-b4c0677 elementor-widget elementor-widget-text-editor\" data-id=\"b4c0677\" data-element_type=\"widget\" data-e-type=\"widget\" data-widget_type=\"text-editor.default\">\n\t\t\t\t\t\t\t\t\t<ol><li>POL\u00cdTICAS DE GARANT\u00cdA Y NORMAS DE USO<\/li><\/ol><ul><li>GARANT\u00cdA DE AUTENTICIDAD 100% Originalidad Garantizada: Gioo es distribuidor autorizado de las marcas de nuestro cat\u00e1logo. Cada producto incluye su estuche y certificaci\u00f3n de la marca, garantizando que est\u00e1s adquiriendo un accesorio leg\u00edtimo y de la m\u00e1s alta calidad.<\/li><li>GARANT\u00cdA LEGAL (DEFECTOS DE FABRICACI\u00d3N) El plazo de garant\u00eda contra defectos de fabricaci\u00f3n es de **[TRES\u00a0 MESES]** a partir de la fecha de entrega. Esta garant\u00eda cubre fallas inherentes al producto que no est\u00e9n relacionadas con el uso. La garant\u00eda **No cubre** da\u00f1os causados por el uso indebido, accidentes, ca\u00eddas, golpes o manipulaci\u00f3n externa. CAUSAS PARA APROVAR Las garant\u00edas por fallas de f\u00e1brica de armazones y\/o gafas deber\u00e1n tener las siguientes condiciones para que sean consideradas como v\u00e1lidas: a) Rotura en el flex (Desprendido por fabricaci\u00f3n). b) desuni\u00f3n en puntos de soldadura. c) Desprendimiento de pintura. d) Desprendimiento de apliques, logos de marca y brillos. CAUSAS PARA NEGAR Las garant\u00edas por fallas de f\u00e1brica de armazones y\/o gafas ser\u00e1n negadas, cuando mediante la inspecci\u00f3n f\u00edsica se observe: a) Rotura en puntos que no son de b)Armazones con signos de maltrato, raspones. c) Utilizaci\u00f3n inapropiada del producto (torceduras, forzamientos, descuadres, calentamiento). d)Alteraci\u00f3n, manipulaci\u00f3n o reparaciones no autorizadas. e) <em>cuando el producto se encuentre fuera del plazo establecido seg\u00fan la marca.<\/em><\/li><\/ul><p><em>\u00a0<\/em><\/p><p>LAS PIEZAS RECIBIDAS PARA GARANTIA SE REVISAR\u00c1N, SE ENVIAR\u00c1N AL DEPARTAMENTO TECNICO Y EL PROCESO DURARA DE 3 A 15 DIAS DEPENDIENDO EL CASO.<\/p><ul><li>NORMAS DE USO Y CUIDADO<\/li><\/ul><p>GAFAS DE SOL PARA USO GENERAL Normas de Uso. Las gafas de sol o los filtros protectores De Rigo protegen la vista contra los efectos perjudiciales y desagradables de los rayos del sol. Las gafas de sol De Rigo y responden a los requisitos esenciales de seguridad previstos por la Directiva Europea 89\/686\/CEE y sucesivas revisiones y son conformes con el est\u00e1ndar EN ISO 12312-1.<\/p><p><strong>L\u00edmites de Empleo<\/strong>. No mirar directamente al sol o a eclipses solares, aunque est\u00e9 protegido por gafas. No utilizarlas como dispositivo de protecci\u00f3n de fuentes de luz artificial (ej: L\u00e1mparas bronceadoras, etc.). No utilizar como protecci\u00f3n contra choques o golpes. La rotura de las gafas puede producir heridas en el rostro o los ojos. No es aconsejable utilizar gafas de sol para conducir durante el crep\u00fasculo o de noche. No es aconsejable utilizar gafas de sol para conducir en escasas condiciones de visibilidad o de noche. La sensibilidad a la luz y a los deslumbramientos, sobre todo en condiciones de alta luminosidad como en la nieve, la playa o en mar abierto, var\u00edan seg\u00fan la persona, pero se debe considerar que los filtros m\u00e1s claros, categor\u00edas 0 y 1, limitan escasamente la radiaci\u00f3n solar en el campo de visi\u00f3n, si bien garantizan una protecci\u00f3n excelente en la zona de los UV.<\/p><p><strong>Conservaci\u00f3n.<\/strong> Las gafas de sol De Rigo se deben conservar a una temperatura comprendida entre los -10\u00b0C y +35\u00b0C dentro de su estuche correspondiente. Evite la exposici\u00f3n al sol en ambientes cerrados no acondicionados (por ej. El salpicadero del coche) porque las temperaturas que se alcanzan en estas condiciones pueden da\u00f1ar la funcionalidad de las gafas. En caso de desgaste (por ej., rayas, etc.) es aconsejable cambiar las lentes con repuestos originales.<\/p><p><strong>Limpieza.<\/strong> Utilice un pa\u00f1o h\u00famedo y un detergente neutro l\u00edquido shampoo y seque las gafas con un pa\u00f1o suave y limpio. No utilice disolventes (por ej., alcohol y acetona etc) o detergentes qu\u00edmicos agresivos, ya que pueden comprometer la funcionalidad de las gafas. <strong>Categor\u00eda del Filtro<\/strong> (Usos Recomendados). En el interior de la varilla izquierda y\/o la cubierta de estas nota informativa al lado del s\u00edmbolo asterisco (*) hay un n\u00famero. Este n\u00famero indica la Categor\u00eda del Filtro tal como ha sido definida por la EN ISO 12312-1 y referida en la tabla de abajo. 0: Protecci\u00f3n muy alta contra la radiaci\u00f3n solar extrema, en mar, monta\u00f1a, nieve, desierto, etc. 1: Protecci\u00f3n alta contra la luz del sol. 2: Protecci\u00f3n buena contra la luz del sol. 3: Protecci\u00f3n muy limitada contra la luz del sol. 4: Protecci\u00f3n limitada contra la luz del sol. Si hay dos n\u00fameros, significa que la lente es fotocrom\u00e1tica; estos identifican las categor\u00edas de filtro de la lente en los estados m\u00e1s claro y m\u00e1s oscuro. Si despu\u00e9s de la categor\u00eda del filtro hay una P, significa que la lente es polarizante. Esta nota informativa se ha redactado seg\u00fan las disposiciones del Anexo II, secci\u00f3n 1.4 de la Directiva Europea 89\/686\/CEE.<\/p>\t\t\t\t\t\t\t\t<\/div>\n\t\t\t\t\t<\/div>\n\t\t\t\t<\/div>\n\t\t\t\t<\/div>\n\t\t","protected":false},"excerpt":{"rendered":"<p>Garant\u00edas POL\u00cdTICAS DE GARANT\u00cdA Y NORMAS DE USO GARANT\u00cdA DE AUTENTICIDAD 100% Originalidad Garantizada: Gioo es distribuidor autorizado de las [&hellip;]<\/p>\n","protected":false},"author":1,"featured_media":0,"parent":0,"menu_order":0,"comment_status":"closed","ping_status":"closed","template":"","meta":{"site-sidebar-layout":"no-sidebar","site-content-layout":"","ast-site-content-layout":"full-width-container","site-content-style":"default","site-sidebar-style":"default","ast-global-header-display":"","ast-banner-title-visibility":"","ast-main-header-display":"","ast-hfb-above-header-display":"","ast-hfb-below-header-display":"","ast-hfb-mobile-header-display":"","site-post-title":"disabled","ast-breadcrumbs-content":"","ast-featured-img":"disabled","footer-sml-layout":"","theme-transparent-header-meta":"","adv-header-id-meta":"","stick-header-meta":"","header-above-stick-meta":"","header-main-stick-meta":"","header-below-stick-meta":"","astra-migrate-meta-layouts":"default","ast-page-background-enabled":"default","ast-page-background-meta":{"desktop":{"background-color":"var(--ast-global-color-5)","background-image":"","background-repeat":"repeat","background-position":"center center","background-size":"auto","background-attachment":"scroll","background-type":"","background-media":"","overlay-type":"","overlay-color":"","overlay-opacity":"","overlay-gradient":""},"tablet":{"background-color":"","background-image":"","background-repeat":"repeat","background-position":"center center","background-size":"auto","background-attachment":"scroll","background-type":"","background-media":"","overlay-type":"","overlay-color":"","overlay-opacity":"","overlay-gradient":""},"mobile":{"background-color":"","background-image":"","background-repeat":"repeat","background-position":"center center","background-size":"auto","background-attachment":"scroll","background-type":"","background-media":"","overlay-type":"","overlay-color":"","overlay-opacity":"","overlay-gradient":""}},"ast-content-background-meta":{"desktop":{"background-color":"var(--ast-global-color-4)","background-image":"","background-repeat":"repeat","background-position":"center center","background-size":"auto","background-attachment":"scroll","background-type":"","background-media":"","overlay-type":"","overlay-color":"","overlay-opacity":"","overlay-gradient":""},"tablet":{"background-color":"var(--ast-global-color-4)","background-image":"","background-repeat":"repeat","background-position":"center center","background-size":"auto","background-attachment":"scroll","background-type":"","background-media":"","overlay-type":"","overlay-color":"","overlay-opacity":"","overlay-gradient":""},"mobile":{"background-color":"var(--ast-global-color-4)","background-image":"","background-repeat":"repeat","background-position":"center center","background-size":"auto","background-attachment":"scroll","background-type":"","background-media":"","overlay-type":"","overlay-color":"","overlay-opacity":"","overlay-gradient":""}},"_joinchat":[],"footnotes":""},"class_list":["post-2581","page","type-page","status-publish","hentry"],"_links":{"self":[{"href":"https:\/\/gioo.com.co\/index.php?rest_route=\/wp\/v2\/pages\/2581","targetHints":{"allow":["GET"]}}],"collection":[{"href":"https:\/\/gioo.com.co\/index.php?rest_route=\/wp\/v2\/pages"}],"about":[{"href":"https:\/\/gioo.com.co\/index.php?rest_route=\/wp\/v2\/types\/page"}],"author":[{"embeddable":true,"href":"https:\/\/gioo.com.co\/index.php?rest_route=\/wp\/v2\/users\/1"}],"replies":[{"embeddable":true,"href":"https:\/\/gioo.com.co\/index.php?rest_route=%2Fwp%2Fv2%2Fcomments&post=2581"}],"version-history":[{"count":13,"href":"https:\/\/gioo.com.co\/index.php?rest_route=\/wp\/v2\/pages\/2581\/revisions"}],"predecessor-version":[{"id":2638,"href":"https:\/\/gioo.com.co\/index.php?rest_route=\/wp\/v2\/pages\/2581\/revisions\/2638"}],"wp:attachment":[{"href":"https:\/\/gioo.com.co\/index.php?rest_route=%2Fwp%2Fv2%2Fmedia&parent=2581"}],"curies":[{"name":"wp","href":"https:\/\/api.w.org\/{rel}","templated":true}]}}