{"id":2586,"date":"2025-11-26T19:38:35","date_gmt":"2025-11-26T19:38:35","guid":{"rendered":"https:\/\/gioo.com.co\/?page_id=2586"},"modified":"2025-12-02T15:20:15","modified_gmt":"2025-12-02T15:20:15","slug":"politicas-de-privacidad","status":"publish","type":"page","link":"https:\/\/gioo.com.co\/?page_id=2586","title":{"rendered":"Pol\u00edticas de privacidad"},"content":{"rendered":"\t\t<div data-elementor-type=\"wp-page\" data-elementor-id=\"2586\" class=\"elementor elementor-2586\" data-elementor-post-type=\"page\">\n\t\t\t\t<div class=\"elementor-element elementor-element-bfbc4b9 e-flex e-con-boxed e-con e-parent\" data-id=\"bfbc4b9\" data-element_type=\"container\" data-e-type=\"container\">\n\t\t\t\t\t<div class=\"e-con-inner\">\n\t\t\t\t<div class=\"elementor-element elementor-element-fe07f65 elementor-widget elementor-widget-heading\" data-id=\"fe07f65\" data-element_type=\"widget\" data-e-type=\"widget\" data-widget_type=\"heading.default\">\n\t\t\t\t\t<h4 class=\"elementor-heading-title elementor-size-default\">Pol\u00edticas de privacidad<\/h4>\t\t\t\t<\/div>\n\t\t\t\t\t<\/div>\n\t\t\t\t<\/div>\n\t\t<div class=\"elementor-element elementor-element-1f468d3 e-flex e-con-boxed e-con e-parent\" data-id=\"1f468d3\" data-element_type=\"container\" data-e-type=\"container\">\n\t\t\t\t\t<div class=\"e-con-inner\">\n\t\t\t\t<div class=\"elementor-element elementor-element-c1059ac elementor-widget elementor-widget-text-editor\" data-id=\"c1059ac\" data-element_type=\"widget\" data-e-type=\"widget\" data-widget_type=\"text-editor.default\">\n\t\t\t\t\t\t\t\t\t<p><strong>POL\u00cdTICA DE PRIVACIDAD Y TRATAMIENTO DE DATOS<\/strong> (LEY 1581) T\u00cdTULO: Pol\u00edtica de Tratamiento de Datos Personales (Gioo)<\/p><ul><li>RESPONSABLE DEL TRATAMIENTO: Gina Mireya Torres (persona natural), en representaci\u00f3n de la firma Gioo.<\/li><li>FINALIDAD DEL TRATAMIENTO DE DATOS: Los datos se utilizar\u00e1n para: * Mejorar la experiencia de compra: Gestionar tu pedido y procesar pagos. * Marketing y Promoci\u00f3n: Enviar campa\u00f1as publicitarias, informar sobre nuevos productos, promociones y eventos. * Personalizaci\u00f3n con IA: Generar recomendaciones personalizadas con Inteligencia Artificial y an\u00e1lisis de compra. * Voz a Voz (Word-of-Mouth): Utilizar los datos (si el cliente lo autoriza) para fomentar la comunicaci\u00f3n de nuestras marcas.<\/li><li>MECANISMO DE CONSENTIMIENTO Y USO: Los datos son recopilados con el fin de mantenerte informado de todos los productos y promociones de la tienda, as\u00ed como con fines publicitarios. Tu autorizaci\u00f3n es indispensable y se solicitar\u00e1 de forma expresa en el momento de la compra o suscripci\u00f3n.<\/li><li>DERECHOS ARCO Y CONTACTO: Puedes ejercer tus derechos de Acceso, Rectificaci\u00f3n, Consulta y Oposici\u00f3n (Derechos ARCO) en cualquier momento. * Contacto: Correo electr\u00f3nico: ventas@gioo.com.co * Tel\u00e9fono: 311 427 73 36 *Direcci\u00f3n centro de distribuci\u00f3n Calle 150 A # 96 A \u2013 40 Bloque 2 &#8211; 702<\/li><\/ul>\t\t\t\t\t\t\t\t<\/div>\n\t\t\t\t\t<\/div>\n\t\t\t\t<\/div>\n\t\t\t\t<\/div>\n\t\t","protected":false},"excerpt":{"rendered":"<p>Pol\u00edticas de privacidad POL\u00cdTICA DE PRIVACIDAD Y TRATAMIENTO DE DATOS (LEY 1581) T\u00cdTULO: Pol\u00edtica de Tratamiento de Datos Personales (Gioo) [&hellip;]<\/p>\n","protected":false},"author":1,"featured_media":0,"parent":0,"menu_order":0,"comment_status":"closed","ping_status":"closed","template":"","meta":{"site-sidebar-layout":"no-sidebar","site-content-layout":"","ast-site-content-layout":"full-width-container","site-content-style":"default","site-sidebar-style":"default","ast-global-header-display":"","ast-banner-title-visibility":"","ast-main-header-display":"","ast-hfb-above-header-display":"","ast-hfb-below-header-display":"","ast-hfb-mobile-header-display":"","site-post-title":"disabled","ast-breadcrumbs-content":"","ast-featured-img":"disabled","footer-sml-layout":"","theme-transparent-header-meta":"","adv-header-id-meta":"","stick-header-meta":"","header-above-stick-meta":"","header-main-stick-meta":"","header-below-stick-meta":"","astra-migrate-meta-layouts":"default","ast-page-background-enabled":"default","ast-page-background-meta":{"desktop":{"background-color":"var(--ast-global-color-5)","background-image":"","background-repeat":"repeat","background-position":"center center","background-size":"auto","background-attachment":"scroll","background-type":"","background-media":"","overlay-type":"","overlay-color":"","overlay-opacity":"","overlay-gradient":""},"tablet":{"background-color":"","background-image":"","background-repeat":"repeat","background-position":"center center","background-size":"auto","background-attachment":"scroll","background-type":"","background-media":"","overlay-type":"","overlay-color":"","overlay-opacity":"","overlay-gradient":""},"mobile":{"background-color":"","background-image":"","background-repeat":"repeat","background-position":"center center","background-size":"auto","background-attachment":"scroll","background-type":"","background-media":"","overlay-type":"","overlay-color":"","overlay-opacity":"","overlay-gradient":""}},"ast-content-background-meta":{"desktop":{"background-color":"var(--ast-global-color-4)","background-image":"","background-repeat":"repeat","background-position":"center center","background-size":"auto","background-attachment":"scroll","background-type":"","background-media":"","overlay-type":"","overlay-color":"","overlay-opacity":"","overlay-gradient":""},"tablet":{"background-color":"var(--ast-global-color-4)","background-image":"","background-repeat":"repeat","background-position":"center center","background-size":"auto","background-attachment":"scroll","background-type":"","background-media":"","overlay-type":"","overlay-color":"","overlay-opacity":"","overlay-gradient":""},"mobile":{"background-color":"var(--ast-global-color-4)","background-image":"","background-repeat":"repeat","background-position":"center center","background-size":"auto","background-attachment":"scroll","background-type":"","background-media":"","overlay-type":"","overlay-color":"","overlay-opacity":"","overlay-gradient":""}},"_joinchat":[],"footnotes":""},"class_list":["post-2586","page","type-page","status-publish","hentry"],"_links":{"self":[{"href":"https:\/\/gioo.com.co\/index.php?rest_route=\/wp\/v2\/pages\/2586","targetHints":{"allow":["GET"]}}],"collection":[{"href":"https:\/\/gioo.com.co\/index.php?rest_route=\/wp\/v2\/pages"}],"about":[{"href":"https:\/\/gioo.com.co\/index.php?rest_route=\/wp\/v2\/types\/page"}],"author":[{"embeddable":true,"href":"https:\/\/gioo.com.co\/index.php?rest_route=\/wp\/v2\/users\/1"}],"replies":[{"embeddable":true,"href":"https:\/\/gioo.com.co\/index.php?rest_route=%2Fwp%2Fv2%2Fcomments&post=2586"}],"version-history":[{"count":13,"href":"https:\/\/gioo.com.co\/index.php?rest_route=\/wp\/v2\/pages\/2586\/revisions"}],"predecessor-version":[{"id":2666,"href":"https:\/\/gioo.com.co\/index.php?rest_route=\/wp\/v2\/pages\/2586\/revisions\/2666"}],"wp:attachment":[{"href":"https:\/\/gioo.com.co\/index.php?rest_route=%2Fwp%2Fv2%2Fmedia&parent=2586"}],"curies":[{"name":"wp","href":"https:\/\/api.w.org\/{rel}","templated":true}]}}